{"id":677,"date":"2025-06-04T17:25:32","date_gmt":"2025-06-04T17:25:32","guid":{"rendered":"https:\/\/solhimex.com\/website\/?post_type=product&#038;p=677"},"modified":"2025-06-19T19:15:58","modified_gmt":"2025-06-19T19:15:58","slug":"vereto","status":"publish","type":"product","link":"https:\/\/solhimex.com\/website\/producto\/vereto\/","title":{"rendered":"Pa\u00f1os Foodservice"},"content":{"rendered":"<p>Vereto ofrece soluciones de limpieza especializadas:<\/p>\n<ul>\n<li>PA\u00d1OS FOODSERVICE EN CODIGO DE COLOR HCCP<\/li>\n<li>PA\u00d1OS DE ALTA ABSORCI\u00d3N<\/li>\n<li>PA\u00d1OS INDUSTRIALES<\/li>\n<li>PA\u00d1OS PARA VIDRIOS<\/li>\n<li>PA\u00d1OS SANITIZANTES<\/li>\n<li>TAPETES ANTIDERRAMES<\/li>\n<\/ul>\n","protected":false},"excerpt":{"rendered":"<p>Vereto ofrece soluciones de limpieza especializadas para la industria de alimentos y bebidas. Su l\u00ednea de <b>pa\u00f1os para <\/b><b>Foodservice<\/b> est\u00e1 dise\u00f1ada para cumplir con los m\u00e1s altos est\u00e1ndares de higiene, facilitando la limpieza y desinfecci\u00f3n de superficies en cocinas, barras y \u00e1reas de servicio. Fabricados con materiales resistentes, absorbentes y reutilizables, estos pa\u00f1os est\u00e1n <b>codificados por color para evitar la contaminaci\u00f3n cruzada<\/b> y cumplir con las buenas pr\u00e1cticas de inocuidad alimentaria (BPM\/HACCP). Ideales para operaciones que requieren control, eficiencia y seguridad en cada proceso de limpieza<\/p>\n","protected":false},"featured_media":1388,"comment_status":"closed","ping_status":"closed","template":"","meta":{"_joinchat":[]},"product_brand":[],"product_cat":[22],"product_tag":[],"class_list":{"0":"post-677","1":"product","2":"type-product","3":"status-publish","4":"has-post-thumbnail","6":"product_cat-sin-categorizar","8":"first","9":"instock","10":"shipping-taxable","11":"product-type-simple"},"_links":{"self":[{"href":"https:\/\/solhimex.com\/website\/wp-json\/wp\/v2\/product\/677","targetHints":{"allow":["GET"]}}],"collection":[{"href":"https:\/\/solhimex.com\/website\/wp-json\/wp\/v2\/product"}],"about":[{"href":"https:\/\/solhimex.com\/website\/wp-json\/wp\/v2\/types\/product"}],"replies":[{"embeddable":true,"href":"https:\/\/solhimex.com\/website\/wp-json\/wp\/v2\/comments?post=677"}],"wp:featuredmedia":[{"embeddable":true,"href":"https:\/\/solhimex.com\/website\/wp-json\/wp\/v2\/media\/1388"}],"wp:attachment":[{"href":"https:\/\/solhimex.com\/website\/wp-json\/wp\/v2\/media?parent=677"}],"wp:term":[{"taxonomy":"product_brand","embeddable":true,"href":"https:\/\/solhimex.com\/website\/wp-json\/wp\/v2\/product_brand?post=677"},{"taxonomy":"product_cat","embeddable":true,"href":"https:\/\/solhimex.com\/website\/wp-json\/wp\/v2\/product_cat?post=677"},{"taxonomy":"product_tag","embeddable":true,"href":"https:\/\/solhimex.com\/website\/wp-json\/wp\/v2\/product_tag?post=677"}],"curies":[{"name":"wp","href":"https:\/\/api.w.org\/{rel}","templated":true}]}}